{"id":1005,"date":"2020-08-12T21:05:48","date_gmt":"2020-08-12T21:05:48","guid":{"rendered":"https:\/\/wida-mamaia.ro\/?page_id=1005"},"modified":"2020-08-31T11:32:26","modified_gmt":"2020-08-31T11:32:26","slug":"contact","status":"publish","type":"page","link":"https:\/\/wida-mamaia.ro\/ro\/contact\/","title":{"rendered":"Contact"},"content":{"rendered":"<div class=\"vc_row wpb_row vc_row-fluid\"><div class=\"wpb_column vc_column_container vc_col-sm-12\"><div class=\"vc_column-inner\"><div class=\"wpb_wrapper\"><div class=\"vc_row wpb_row vc_inner vc_row-fluid\"><div class=\"wpb_column vc_column_container vc_col-sm-12\"><div class=\"vc_column-inner\"><div class=\"wpb_wrapper\">\n\t<div class=\"wpb_text_column wpb_content_element\" >\n\t\t<div class=\"wpb_wrapper\">\n\t\t\t<div data-post-id=\"277\" class=\"insert-page insert-page-277\"><style type=\"text\/css\" data-type=\"vc_shortcodes-custom-css\">.vc_custom_1597141716870{background-color: #fdf8f5 !important;}<\/style><section data-vc-full-width=\"true\" data-vc-full-width-init=\"false\" class=\"vc_section s-contact s_nopadding vc_custom_1597141716870 vc_section-has-fill\"><div class=\"vc_row wpb_row vc_row-fluid title-architecture row-fluid\"><div class=\"wpb_column vc_column_container vc_col-sm-12\"><div class=\"vc_column-inner\"><div class=\"wpb_wrapper\"><div class=\"vc_row wpb_row vc_inner vc_row-fluid\"><div class=\"text-contact wpb_column vc_column_container vc_col-sm-12\"><div class=\"vc_column-inner\"><div class=\"wpb_wrapper\">\n\t<div class=\"wpb_text_column wpb_content_element\" >\n\t\t<div class=\"wpb_wrapper\">\n\t\t\t<h2 class=\"t-medium t-contact\">CONTACT<\/h2>\n<p class=\"intro intro-contact\">ASIGUR\u0102-TE C\u0102 FACI PARTE DIN STILUL DE VIA\u021a\u0102 WIDA. CONTACTEAZ\u0102-NE PENTRU O OFERT\u0102.<\/p>\n<p class=\"center center-max mb-5\">E: sales@wida.ro \u22c4\u00a0 T: <a class=\"action-contact\" href=\"tel:+40732347347\">+40 737347347<\/a><\/p>\n\n\t\t<\/div>\n\t<\/div>\n<\/div><\/div><\/div><\/div>\n\t<div class=\"wpb_text_column wpb_content_element\" >\n\t\t<div class=\"wpb_wrapper\">\n\t\t\t<div class=\"wpcf7 no-js\" id=\"wpcf7-f9-p277-o1\" lang=\"en-US\" dir=\"ltr\">\n<div class=\"screen-reader-response\"><p role=\"status\" aria-live=\"polite\" aria-atomic=\"true\"><\/p> <ul><\/ul><\/div>\n<form action=\"\/ro\/wp-json\/wp\/v2\/pages\/1005#wpcf7-f9-p277-o1\" method=\"post\" class=\"wpcf7-form init\" aria-label=\"Contact form\" novalidate=\"novalidate\" data-status=\"init\" data-trp-original-action=\"\/ro\/wp-json\/wp\/v2\/pages\/1005#wpcf7-f9-p277-o1\">\n<div style=\"display: none;\">\n<input type=\"hidden\" name=\"_wpcf7\" value=\"9\" \/>\n<input type=\"hidden\" name=\"_wpcf7_version\" value=\"5.7.2\" \/>\n<input type=\"hidden\" name=\"_wpcf7_locale\" value=\"en_US\" \/>\n<input type=\"hidden\" name=\"_wpcf7_unit_tag\" value=\"wpcf7-f9-p277-o1\" \/>\n<input type=\"hidden\" name=\"_wpcf7_container_post\" value=\"277\" \/>\n<input type=\"hidden\" name=\"_wpcf7_posted_data_hash\" value=\"\" \/>\n<input type=\"hidden\" name=\"_wpcf7_recaptcha_response\" value=\"\" \/>\n<\/div>\n<div class=\"row\">\n\t<div class=\"col-md-6 mb-3\">\n\t\t<p><label for=\"your-name\" class=\"control-label\">Nume<\/label><br \/>\n<span class=\"wpcf7-form-control-wrap\" data-name=\"your-name\"><input size=\"40\" class=\"wpcf7-form-control wpcf7-text wpcf7-validates-as-required\" id=\"your-name\" aria-required=\"true\" aria-invalid=\"false\" value=\"\" type=\"text\" name=\"your-name\" \/><\/span>\n\t\t<\/p>\n\t<\/div>\n\t<div class=\"col-md-6 mb-3\">\n\t\t<p><label for=\"budget\" class=\"control-label\">Buget<\/label><br \/>\n<span class=\"wpcf7-form-control-wrap\" data-name=\"budget\"><select class=\"wpcf7-form-control wpcf7-select wpcf7-validates-as-required\" id=\"budget\" aria-required=\"true\" aria-invalid=\"false\" name=\"budget\"><option value=\"\">&#8212;Please choose an option&#8212;<\/option><option value=\"\u20ac 180k to 300k\">\u20ac 180k to 300k<\/option><option value=\"\u20ac 300k to 600k\">\u20ac 300k to 600k<\/option><option value=\"over \u20ac 600k\">over \u20ac 600k<\/option><\/select><\/span>\n\t\t<\/p>\n\t<\/div>\n<\/div>\n<div class=\"row\">\n\t<div class=\"col-md-6 mb-3\">\n\t\t<p><label for=\"phone\" class=\"control-label\">Telefon<\/label><br \/>\n<span class=\"wpcf7-form-control-wrap\" data-name=\"phone\"><input size=\"40\" class=\"wpcf7-form-control wpcf7-text wpcf7-tel wpcf7-validates-as-tel\" id=\"phone\" aria-invalid=\"false\" value=\"\" type=\"tel\" name=\"phone\" \/><\/span>\n\t\t<\/p>\n\t<\/div>\n\t<div class=\"col-md-6 mb-3\">\n\t\t<p><label for=\"email\" class=\"control-label\">E-mail*<\/label><br \/>\n<span class=\"wpcf7-form-control-wrap\" data-name=\"email\"><input size=\"40\" class=\"wpcf7-form-control wpcf7-text wpcf7-email wpcf7-validates-as-required wpcf7-validates-as-email\" id=\"email\" aria-required=\"true\" aria-invalid=\"false\" value=\"\" type=\"email\" name=\"email\" \/><\/span>\n\t\t<\/p>\n\t<\/div>\n<\/div>\n<div class=\"row\">\n\t<div class=\"col mb-3\">\n\t\t<p><label for=\"message-field\" class=\"control-label\">Mesaj<br \/>\n<\/label><br \/>\n<span class=\"wpcf7-form-control-wrap\" data-name=\"message-field\"><textarea cols=\"40\" rows=\"10\" class=\"wpcf7-form-control wpcf7-textarea\" id=\"message-field\" aria-invalid=\"false\" name=\"message-field\"><\/textarea><\/span>\n\t\t<\/p>\n\t<\/div>\n<\/div>\n<div class=\"row\">\n\t<div class=\"col mb-4\">\n\t\t<p class=\" translation-block\"><span class=\"wpcf7-form-control-wrap terms-conditions\"><span class=\"wpcf7-form-control wpcf7-acceptance\"><span class=\"wpcf7-list-item\"><label><span class=\"wpcf7-list-item-label\">Sunt de acord cu <a class=\"action-contact\" href=\"#\" target=\"_self\">Termenii \u0219i Condi\u021biile<\/a><\/span><\/label><\/span><\/span><\/span><\/p>\n\t<\/div>\n<\/div>\n<div class=\"row\">\n\t<div class=\"col mb-3\">\n\t\t<p><input class=\"wpcf7-form-control has-spinner wpcf7-submit\" type=\"submit\" value=\"Submit request\" \/>\n\t\t<\/p>\n\t<\/div>\n<\/div><div class=\"wpcf7-response-output\" aria-hidden=\"true\"><\/div><input type=\"hidden\" name=\"trp-form-language\" value=\"ro\"\/><\/form><\/div>\n\n\t\t<\/div>\n\t<\/div>\n<\/div><\/div><\/div><\/div><\/section><div class=\"vc_row-full-width vc_clearfix\"><\/div>\n<\/div>\n\n\t\t<\/div>\n\t<\/div>\n<\/div><\/div><\/div><\/div><\/div><\/div><\/div><\/div>","protected":false},"excerpt":{"rendered":"Contact Us Be sure you\u2019ll become part of the WIDA lifestyle. Contact us for an offer! E: sales@wida.ro \u22c4\u00a0 T: +40 737347347 Name* Budget* &#8212;Please choose an option&#8212;\u20ac 180k to 300k\u20ac 300k to 600kover \u20ac 600k Phone E-mail* Message I agree with the Terms & Conditions","protected":false},"author":1,"featured_media":0,"parent":0,"menu_order":0,"comment_status":"closed","ping_status":"closed","template":"fullwidth.php","meta":[],"yoast_head":"<!-- This site is optimized with the Yoast SEO plugin v19.14 - https:\/\/yoast.com\/wordpress\/plugins\/seo\/ -->\n<title>Contact - WIDA \u2666 Mamaia Residence<\/title>\n<meta name=\"description\" content=\"BE SURE YOU\u2019LL BECOME PART OF THE WIDA LIFESTYLE. CONTACT US FOR AN OFFER!\" \/>\n<meta name=\"robots\" content=\"index, follow, max-snippet:-1, max-image-preview:large, max-video-preview:-1\" \/>\n<link rel=\"canonical\" href=\"https:\/\/wida-mamaia.ro\/ro\/contact\/\" \/>\n<meta property=\"og:locale\" content=\"ro_RO\" \/>\n<meta property=\"og:type\" content=\"article\" \/>\n<meta property=\"og:title\" content=\"Contact - WIDA \u2666 Mamaia Residence\" \/>\n<meta property=\"og:description\" content=\"BE SURE YOU\u2019LL BECOME PART OF THE WIDA LIFESTYLE. CONTACT US FOR AN OFFER!\" \/>\n<meta property=\"og:url\" content=\"https:\/\/wida-mamaia.ro\/ro\/contact\/\" \/>\n<meta property=\"og:site_name\" content=\"WIDA \u2666 Mamaia Residence\" \/>\n<meta property=\"article:modified_time\" content=\"2020-08-31T11:32:26+00:00\" \/>\n<meta name=\"twitter:card\" content=\"summary_large_image\" \/>\n<script type=\"application\/ld+json\" class=\"yoast-schema-graph\">{\"@context\":\"https:\/\/schema.org\",\"@graph\":[{\"@type\":\"WebPage\",\"@id\":\"https:\/\/wida-mamaia.ro\/contact\/\",\"url\":\"https:\/\/wida-mamaia.ro\/contact\/\",\"name\":\"Contact - WIDA \u2666 Mamaia Residence\",\"isPartOf\":{\"@id\":\"https:\/\/wida-mamaia.ro\/#website\"},\"datePublished\":\"2020-08-12T21:05:48+00:00\",\"dateModified\":\"2020-08-31T11:32:26+00:00\",\"description\":\"BE SURE YOU\u2019LL BECOME PART OF THE WIDA LIFESTYLE. CONTACT US FOR AN OFFER!\",\"breadcrumb\":{\"@id\":\"https:\/\/wida-mamaia.ro\/contact\/#breadcrumb\"},\"inLanguage\":\"ro-RO\",\"potentialAction\":[{\"@type\":\"ReadAction\",\"target\":[\"https:\/\/wida-mamaia.ro\/contact\/\"]}]},{\"@type\":\"BreadcrumbList\",\"@id\":\"https:\/\/wida-mamaia.ro\/contact\/#breadcrumb\",\"itemListElement\":[{\"@type\":\"ListItem\",\"position\":1,\"name\":\"Home\",\"item\":\"https:\/\/wida-mamaia.ro\/\"},{\"@type\":\"ListItem\",\"position\":2,\"name\":\"Contact\"}]},{\"@type\":\"WebSite\",\"@id\":\"https:\/\/wida-mamaia.ro\/#website\",\"url\":\"https:\/\/wida-mamaia.ro\/\",\"name\":\"WIDA \u2666 Mamaia Residence\",\"description\":\"Exquisite Living\",\"potentialAction\":[{\"@type\":\"SearchAction\",\"target\":{\"@type\":\"EntryPoint\",\"urlTemplate\":\"https:\/\/wida-mamaia.ro\/?s={search_term_string}\"},\"query-input\":\"required name=search_term_string\"}],\"inLanguage\":\"ro-RO\"}]}<\/script>\n<!-- \/ Yoast SEO plugin. -->","yoast_head_json":{"title":"Contact - WIDA \u2666 Mamaia Residence","description":"BE SURE YOU\u2019LL BECOME PART OF THE WIDA LIFESTYLE. CONTACT US FOR AN OFFER!","robots":{"index":"index","follow":"follow","max-snippet":"max-snippet:-1","max-image-preview":"max-image-preview:large","max-video-preview":"max-video-preview:-1"},"canonical":"https:\/\/wida-mamaia.ro\/ro\/contact\/","og_locale":"ro_RO","og_type":"article","og_title":"Contact - WIDA \u2666 Mamaia Residence","og_description":"BE SURE YOU\u2019LL BECOME PART OF THE WIDA LIFESTYLE. CONTACT US FOR AN OFFER!","og_url":"https:\/\/wida-mamaia.ro\/ro\/contact\/","og_site_name":"WIDA \u2666 Mamaia Residence","article_modified_time":"2020-08-31T11:32:26+00:00","twitter_card":"summary_large_image","schema":{"@context":"https:\/\/schema.org","@graph":[{"@type":"WebPage","@id":"https:\/\/wida-mamaia.ro\/contact\/","url":"https:\/\/wida-mamaia.ro\/contact\/","name":"Contact - WIDA \u2666 Mamaia Residence","isPartOf":{"@id":"https:\/\/wida-mamaia.ro\/#website"},"datePublished":"2020-08-12T21:05:48+00:00","dateModified":"2020-08-31T11:32:26+00:00","description":"BE SURE YOU\u2019LL BECOME PART OF THE WIDA LIFESTYLE. CONTACT US FOR AN OFFER!","breadcrumb":{"@id":"https:\/\/wida-mamaia.ro\/contact\/#breadcrumb"},"inLanguage":"ro-RO","potentialAction":[{"@type":"ReadAction","target":["https:\/\/wida-mamaia.ro\/contact\/"]}]},{"@type":"BreadcrumbList","@id":"https:\/\/wida-mamaia.ro\/contact\/#breadcrumb","itemListElement":[{"@type":"ListItem","position":1,"name":"Home","item":"https:\/\/wida-mamaia.ro\/"},{"@type":"ListItem","position":2,"name":"Contact"}]},{"@type":"WebSite","@id":"https:\/\/wida-mamaia.ro\/#website","url":"https:\/\/wida-mamaia.ro\/","name":"WIDA \u2666 Mamaia Residence","description":"Exquisite Living","potentialAction":[{"@type":"SearchAction","target":{"@type":"EntryPoint","urlTemplate":"https:\/\/wida-mamaia.ro\/?s={search_term_string}"},"query-input":"required name=search_term_string"}],"inLanguage":"ro-RO"}]}},"_links":{"self":[{"href":"https:\/\/wida-mamaia.ro\/ro\/wp-json\/wp\/v2\/pages\/1005"}],"collection":[{"href":"https:\/\/wida-mamaia.ro\/ro\/wp-json\/wp\/v2\/pages"}],"about":[{"href":"https:\/\/wida-mamaia.ro\/ro\/wp-json\/wp\/v2\/types\/page"}],"author":[{"embeddable":true,"href":"https:\/\/wida-mamaia.ro\/ro\/wp-json\/wp\/v2\/users\/1"}],"replies":[{"embeddable":true,"href":"https:\/\/wida-mamaia.ro\/ro\/wp-json\/wp\/v2\/comments?post=1005"}],"version-history":[{"count":1,"href":"https:\/\/wida-mamaia.ro\/ro\/wp-json\/wp\/v2\/pages\/1005\/revisions"}],"predecessor-version":[{"id":1006,"href":"https:\/\/wida-mamaia.ro\/ro\/wp-json\/wp\/v2\/pages\/1005\/revisions\/1006"}],"wp:attachment":[{"href":"https:\/\/wida-mamaia.ro\/ro\/wp-json\/wp\/v2\/media?parent=1005"}],"curies":[{"name":"wp","href":"https:\/\/api.w.org\/{rel}","templated":true}]}}