{"id":1351,"date":"2021-01-14T13:39:57","date_gmt":"2021-01-14T13:39:57","guid":{"rendered":"https:\/\/wida-mamaia.ro\/?page_id=1351"},"modified":"2021-01-14T13:39:57","modified_gmt":"2021-01-14T13:39:57","slug":"cookie-policy","status":"publish","type":"page","link":"https:\/\/wida-mamaia.ro\/ro\/cookie-policy\/","title":{"rendered":"Cookie Policy"},"content":{"rendered":"<h2><strong>Politica privind utilizarea Cookie-urilor<\/strong><\/h2>\r\n<p>Politica noastra de utilizare a modulelor cookie prezinta tipurile de module cookie si alte tehnologii similare de urmarire pe care le aplicam atunci cand vizitati sau utilizati site-ul www.wida.ro (&#8220;Site-ul)&#8221;.<\/p>\r\n<p>Politica noastra de utilizare a modulelor cookie face parte din Politica cu privire la prelucrarea datelor cu caracter personal.<\/p>\r\n<h3>\u00a0<\/h3>\r\n<h3><strong>Ce este un modul cookie?<\/strong><\/h3>\r\n<p>Un modul cookie este un fisier mic (deseori de tip text) stocat pe computerul sau dispozitivul dvs. de o data cu vizitarea Site-ului, de catre First Mamaia Residence. Modulele cookie sunt instalate prin solicitarea emisa de catre un web-server unui browser (ex: Internet Explorer, Chrome) si sunt complet &#8220;pasive&#8221; (nu contin programe software, virusi sau spyware si nu pot accesa informatiile de pe hard disk-ul utilizatorului).<\/p>\r\n<p>Un cookie este format din 2 parti: numele si continutul sau valoarea unui modul cookie. Durata de existenta a unui modul cookie este determinata; tehnic, doar webserverul care a trimis modulul cookie il poate accesa din nou in momentul in care utilizatorul se intoarce pe website-ul asociat webserverului respectiv.<\/p>\r\n<p>Modulele cookie sunt considerate standard pentru majoritatea browserelor actuale si sunt folosite pe scara larga atat pentru a face posibila furnizarea serviciilor online si a le creste eficienta, cat si pentru a oferi informatii furnizorilor acestor servicii despre experientele dvs. in timp ce navigati pe site. In momentul in care folositi din nou aceste servicii online, browserul dvs. trimite modulele cookie stocate anterior inapoi catre serviciul online. In acest mod, serviciul online va recunoaste si isi aminteste informatii importante despre dvs. care il ajuta sa personalizeze si sa faciliteze experienta pe care v-o ofera, de exemplu, retinandu-va preferintele salvate.<\/p>\r\n<p>Noi folosim si alte tehnologii, inclusiv datele stocate pe browserul dvs. web sau pe dispozitivul dvs., identificatori asociati cu dispozitivul dvs. si alte aplicatii software in scopuri similare.<\/p>\r\n<p>Acestea includ urmatoarele:<\/p>\r\n<p>&#8211; Etichetele pixel: \u201eEtichetele pixel\u201d (denumite si semnalizatoare web sau pixeli) sunt mici fisiere de cod instalate pe (sau cerute de) o pagina web, o adresa de e-mail, o aplicatie sau o reclama care colecteaza anumite informatii despre dispozitivul si browserul dvs. si despre modul in care interactionati cu acestea. Aceste informatii includ, de exemplu, tipul dispozitivului, sistemul de operare, tipul si versiunea browserului, site-ul web vizitat, ora vizitei, site-ul web care v-a redirectionat, adresa IP, daca ati deschis un e-mail sau ati facut clic pe o reclama si alte informatii similare, inclusiv micul fisier text (modulul cookie) cu ajutorul caruia se identifica dispozitivul. Prin intermediul etichetelor pixel, anumite companii terte pot seta si citi module cookie de pe un domeniu neoperat de ele si pot colecta informatii despre vizitatorii acelui domeniu, de obicei cu permisiunea detinatorului domeniului respectiv.<\/p>\r\n<p>&#8211; Stocarea locala: Aceasta se refera in general la alte locuri dintr-un browser sau dispozitiv in care pot fi stocate informatii de catre site-uri web, reclame sau companii terte (de exemplu, stocarea locala si memoria cache de browser ale limbajului HTML5).<\/p>\r\n<p>&#8211; Identificatorii dispozitivului: Este posibil de asemenea sa colectam adresa dvs. IP, identificatorul unic de dispozitiv sau sa cream o amprenta unica a dispozitivului (aceasta este o combinatie unica de diverse informatii de pe dispozitiv, astfel incat sa il putem identifica), in vederea identificarii dispozitivului dvs. Apoi este posibil sa folosim aceasta informatie in mod similar modulelor cookie.<\/p>\r\n<p>&#8211; Id de audit: ID-ul de audit este un numar unic aleator care este generat pentru dvs. atunci cand vizitati acest site. Scopul ID-ului de audit este de a pastra o evidenta a istoricului consimtamantului dvs. privind modulele cookie pe care le-ati acceptat \u0219i cand. ID-ul de audit include: marca de timp, versiunea listei furnizorilor de cookie-uri si lista de furnizori carora li se permite sa proceseze datele dvs.<\/p>\r\n<p>In aceasta politica, ne referim la toate aceste tehnologii si tehnologii similare drept \u201emodule cookie\u201d. Aceste tehnologii pot fi folosite pentru a recunoaste momentul in care dispozitivul dvs. efectueaza operatiuni. De exemplu, acestea pot recunoaste momentul in care vizitati pagini pe site-ul nostru sau pe alte site-uri, folositi parti ale unei aplicatii sau deschideti e-mailuri pe care vi le trimitem sau linkuri in tehnologii.<\/p>\r\n<p>&nbsp;<\/p>\r\n<h3><strong>Rolul cookie -urilor?<\/strong><\/h3>\r\n<p>Folosim module cookie pentru a inregistra automat unele informatii despre modul in care folositi site-ul si navigati in cadrul acestuia. Aceasta ne ajuta, in special, sa va identificam, sa analizam si sa imbunatatim experienta dumnevoastra de navigare, sa personalizam continutul si caracteristicile, precum si sa particularizam si sa masuram reclamele pe care vi le punem la dispozitie.<\/p>\r\n<p>Desi modulele cookie folosite de Site se modifica din cand in cand, pe masura ce imbunatatim si actualizam Site-ul, acestea se incadreaza in general in categoriile de utilizare de mai jos:<\/p>\r\n<p>a) Module cookie functionale<\/p>\r\n<p>Aceste module cookie sunt esentiale pentru prestarea serviciilor solicitate in mod specific de vizitatorii paginilor de internet. In lipsa lor, paginile de internet nu pot functiona si nu pot furniza serviciile solicitate.<\/p>\r\n<p>b) Module cookies pentru stocarea si accesarea informatiilor<\/p>\r\n<p>Folosim module cookie care ne ajuta sa memoram anumite informatii despre alegerile si preferintele dvs., cum ar fi setarile de regiune, limba sau afisare, si despre ce ati vazut sau ati facut pe Site, pentru a imbunatati experienta dvs. de utilizare a Site-ului. De asemenea, putem folosi module cookie pentru a stoca informatii despre setarile dvs. audio sau video preferate (de exemplu, marimea textului, fontul, rezolutia etc.). Aceasta ne ajuta sa va afisam optiuni adecvate in momentul in care vizitati din nou Site-ul si sa va oferim o experienta personalizata de navigare.<\/p>\r\n<p>Multe dintre caracteristicile de mai sus pot functiona si fara aceste modulele cookie. Totusi, experienta dvs. poate avea de suferit si este posibil sa fie nevoie sa va specificati preferintele pentru fiecare vizita in parte.<\/p>\r\n<h3>\u00a0<\/h3>\r\n<h3><strong>Contin Cookie-urile date personale?<\/strong><\/h3>\r\n<p>Cookie-urile \u00een sine nu solicit\u0103 informa\u021bii cu caracter personal pentru a putea fi utilizate \u0219i, \u00een cele mai multe cazuri, nu identific\u0103 personal utilizatorii de internet. Datele personale colectate prin utilizarea Cookie-urilor pot fi colectate doar pentru a facilita anumite func\u021bionalit\u0103\u021bi pentru utilizator. Atare date sunt criptate intr-un mod care face imposibil accesul persoanelor neautorizate la ele.<\/p>\r\n<h3>\u00a0<\/h3>\r\n<h3><strong>Stergerea Cookie-urilor<\/strong><\/h3>\r\n<p>\u00cen general, o aplica\u021bie folosit\u0103 pentru accesarea paginilor web permite salvarea Cookie-urilor pe terminal \u00een mod implicit. Aceste set\u0103ri pot fi schimbate \u00een a\u0219a fel incat administrarea automat\u0103 a Cookie-urilor s\u0103 fie blocat\u0103 de browser-ul web sau utilizatorul sa fie informat de fiecare data cand Cookie-uri sunt trimise c\u0103tre terminalul s\u0103u. Informa\u021bii detaliate despre posibilit\u0103\u021bile \u0219i modurile de administrare a Cookie-urilor pot fi gasite in zona de setari a aplicatiei (browser-ului web). Limitarea folosirii Cookie-urilor poate afecta anumite functionalit\u0103\u021bi ale paginii web.<\/p>\r\n<p>Daca nu dori\u021bi cookies, toate browserele permit dezactivarea utiliz\u0103rii lor, precum \u0219i \u0219tergerea celor existente. Sec\u021biunea \u201eajutor\u201d a browserului dumneavoastr\u0103 con\u021bine instruc\u021biuni exacte cu privire la modul \u00een care trebuie s\u0103 proceda\u021bi pentru a dezactiva\/\u0219terge cookies.<\/p>\r\n<h3>\u00a0<\/h3>\r\n<h3><strong>Prevederi referitoare la Securitate \u0219i confiden\u021bialitate<\/strong><\/h3>\r\n<p>Cookie-urile NU sunt viru\u0219i! Ele folosesc formate tip plain text. Nu sunt alc\u0103tuite din buc\u0103\u021bi de cod asa ca nu pot fi executate nici nu pot auto-rula. In consecinta, nu se pot duplica sau replica pe alte retele pentru a se rula sau replica din nou. Deoarece nu pot indeplini aceste functii, nu pot fi considerate virusi.<\/p>\r\n<p>Cookie-urile pot fi totusi folosite pentru scopuri negative. Deoarece stocheaza informatii despre preferintele si istoricul de navigare al utilizatorilor, atat pe un anume site cat si pe mai multe alte siteuri, cookieurile pot fi folosite ca o forma de Spyware. Multe produse anti-spyware sunt constiente de acest fapt si in mod constant marcheaza cookie-urile pentru a fi sterse in cadrul procedurilor de stergere\/scanare anti-virus\/anti-spyware.<\/p>\r\n<p>In general browserele au integrate setari de confidentialitate care furnizeaza diferite nivele de acceptare a cookieurilor, perioada de valabilitate si stergere automata dupa ce utilizatorul a vizitat un anumit site.<\/p>\r\n<p>Alte aspecte de securitate legate de cookie-uri:<br \/>Deoarece protectia identitatii este foarte valoroasa si reprezinta dreptul fiecarui utilizator de internet, este indicat sa se stie ce eventuale probleme pot crea cookie-urile. Pentru ca prin intermediul lor se transmit in mod constant in ambele sensuri informatii intre browser si website, daca un atacator sau persoana neautorizata intervine in parcursul de transmitere a datelor, informatiile continute de cookie-uri pot fi interceptate. De\u0219i foarte rar, acest lucru se poate \u00eent\u00e2mpla daca browserul se conecteaz\u0103 la server folosind o re\u021bea necriptat\u0103 (ex: o re\u021bea WiFi nesecurizata).<\/p>\r\n<p>Alte atacuri bazate pe cookie-uri implic\u0103 set\u0103ri gre\u0219ite ale cookie-urilor pe servere. Dac\u0103 un website nu solicita browserului sa foloseasca doar canale criptate, atacatorii pot folosi aceasta vulnerabilitate pentru a pacali browserele in a trimite informatii prin intermediul canalelor nesecurizate. Atacatorii utilizeaza apoi informatiile in scopuri de a accesa neautorizat anumite site-uri. Este foarte important sa fiti atenti in alegerea metodei celei mai potrivite de protectie a informatiilor personale.<\/p>\r\n<p>Sfaturi pentru o navigare sigura si responsabila, bazata pe cookies<\/p>\r\n<p>Datorita flexibilitatii lor si a faptului ca majoritatea dintre cele mai vizitate site-uri si cele mai mari folosesc cookieuri, acestea sunt aproape inevitabile. Dezactivarea cookie-urilor nu va permite accesul utilizatorului pe site-urile cele mai raspandite si utilizate printre care Youtube, Gmail, Yahoo si altele.<\/p>\r\n<p>Iata cateva sfaturi care va pot asigura ca navigati fara griji insa cu ajutorul cookieurilor:<\/p>\r\n<p>Particularizati-va setarile browserului in ceea ce priveste cookie-urile pentru a reflecta un nivel confortabil pentru voi al securitatii utilizarii cookie-urilor.Daca nu va deranjeaza cookie-urile si sunteti singura persoana care utilizeaza computerul, puteti seta termene lungi de expirare pentru stocarea istoricului de navigare si al datelor personale de acces.<\/p>\r\n<p>Daca impartiti accesul la calculator, puteti lua in considerare setarea browserului pentru a sterge datele individuale de navigare de fiecare data cand inchideti browserul. Aceasta este o varianta de a accesa site-urile care plaseaza cookieuri si de a sterge orice informatie de vizitare la inchiderea sesiunii navigare.<\/p>\r\n<p>Instalati-va si updatati-va constant aplicatii antispyware.<\/p>\r\n<p>Multe dintre aplicatiile de detectare si prevenire a spyware-ului includ detectarea atacurilor pe site-uri. Astfel, impiedica browserul de la a accesa website-uri care ar putea sa exploateze vulnerabilitatile browserului sau sa descarce software periculos.<\/p>\r\n<p>Asigurati-va ca aveti browserul mereu updatat.Multe dintre atacurile bazate pe cookies se realizeaza exploatand punctele slabe ale versiunilor vechi ale browserelor.Cookie-urile sunt pretutindeni si nu pot fi evitate daca doriti sa va bucurati de acces pe cele mai bune si cele mai mari site-uri de pe Internet \u2013 locale sau internationale. Cu o intelegere clara a modului lor de operare si a beneficiilor pe care le aduc, puteti lua masurile necesare de securitate astel incat sa puteti naviga cu incredere pe internet.<\/p>\r\n<p>Dezactivarea si refuzul de a primi cookie-uri pot face anumite site-uri impracticabile sau dificil de vizitat si folosit. De asemenea, refuzul de a accepta cookie-uri nu inseamna ca nu veti mai primi\/vedea publicitate online.<\/p>\r\n<p>Este posibila setarea din browser pentru ca aceste cookie-uri sa nu mai fie acceptate sau poti seta browserul sa accepte cookie-uri de la un site anume. Dar, de exemplu, daca nu esti inregistat folosind cookie-urile, nu vei putea lasa comentarii.Toate browserele moderne ofera posibilitatea de a schimba setarile cookie-urilor. Aceste setari se gasesc de regula in \u201coptiuni\u201d sau in meniul de \u201cpreferinte\u201d al browserului tau.<\/p>\r\n<p>Pentru a intelege aceste setari, urmatoarele linkuri pot fi folositoare, altfel puteti folosi optiunea \u201cajutor\u201d a browserului pentru mai multe detalii: Cookie settings in Internet Explorer \/ Cookie settings in Firefox \/ Cookie settings in Chrome \/ Cookie settings in Safari.\u00a0Pentru setarile cookie-urilor generate de terti, puteti consulta si site-ul:http:\/\/www.youronlinechoices.com\/ro\/Linkuri utile<\/p>\r\n<p>Daca doriti sa afli mai multe infromatii despre cookie-uri si la ce sunt utilizate, recomandam urmatoarele linkuri:Microsoft Cookies guide All About Cookies http:\/\/www.youronlinechoices.com\/ro\/<\/p>\r\n<p>Utilizatorul \u00een\u021belege faptul c\u0103 societatea noastra nu poate controla \u015fi nu ofer\u0103 niciun fel de sugestii, garan\u021bii sau condi\u021bii privind securitatea sau con\u021binutul informa\u021biilor externe ce trec de la re\u021beaua Utilizatorului prin Internet \u00een vederea acces\u0103rii \u015fi utiliz\u0103rii Site-ului.<\/p>\r\n<p>Utilizatorul \u00een\u0163elege faptul c\u0103 serviciile sunt disponibile prin intermediul Internetului \u2013 re\u0163ea ce nu este sub controlul direct sau indirect al societatii noastre, care va lua m\u0103suri tehnice \u015fi organizatorice adecvate \u00een vederea asigur\u0103rii securit\u0103\u0163ii datelor, \u00eens\u0103 nu poate garanta c\u0103 informa\u021bia pe care Utilizatorul o prime\u0219te sau o trimite folosind serviciile prin intermediul Internetului va fi permanent \u00een siguran\u021b\u0103.<\/p>\r\n<p>\u00cen acest scop, Site-ul, v\u0103 recomand\u0103 s\u0103 verifica\u0163i \u00een permanen\u0163\u0103 politicile de securitate ale browser-ului folosit de dumneavoastr\u0103, precum \u015fi terminalul utilizat pentru accesarea serviciului, astfel \u00eenc\u00e2t acesta s\u0103 aib\u0103 instalat un software \u00eempotriva viru\u015filor de orice tip sau a oric\u0103ror atacuri externe de tip cracking sau hacking.<\/p>\r\n<p>\u00cen continuare, v\u0103 recomand\u0103m c\u00e2teva link-uri privind gestionarea cookie-urilor (dezactivare, \u0219tergere) \u00een func\u021bie de browser-ul folosit:Internet Explorer 8 \/ Internet Explorer 9\/ Internet Explorer 10 \/ Google Chrome \/ Mozilla Firefox \/ Opera Safari.<\/p>\r\n<p>&nbsp;<\/p>\r\n<p>&nbsp;<\/p>","protected":false},"excerpt":{"rendered":"<p>Politica privind utilizarea Cookie-urilor Politica noastra de utilizare a modulelor cookie prezinta tipurile de module cookie si alte tehnologii similare de urmarire pe care le aplicam atunci cand vizitati sau utilizati site-ul www.wida.ro (&#8220;Site-ul)&#8221;. Politica noastra de utilizare a modulelor cookie face parte din Politica cu privire la prelucrarea datelor cu caracter personal. \u00a0 Ce [&hellip;]<\/p>","protected":false},"author":1,"featured_media":0,"parent":0,"menu_order":0,"comment_status":"closed","ping_status":"open","template":"","meta":[],"yoast_head":"<!-- This site is optimized with the Yoast SEO plugin v19.14 - https:\/\/yoast.com\/wordpress\/plugins\/seo\/ -->\n<title>Cookie Policy - WIDA \u2666 Mamaia Residence<\/title>\n<meta name=\"robots\" content=\"index, follow, max-snippet:-1, max-image-preview:large, max-video-preview:-1\" \/>\n<link rel=\"canonical\" href=\"https:\/\/wida-mamaia.ro\/ro\/cookie-policy\/\" \/>\n<meta property=\"og:locale\" content=\"ro_RO\" \/>\n<meta property=\"og:type\" content=\"article\" \/>\n<meta property=\"og:title\" content=\"Cookie Policy - WIDA \u2666 Mamaia Residence\" \/>\n<meta property=\"og:description\" content=\"Politica privind utilizarea Cookie-urilor Politica noastra de utilizare a modulelor cookie prezinta tipurile de module cookie si alte tehnologii similare de urmarire pe care le aplicam atunci cand vizitati sau utilizati site-ul www.wida.ro (&#8220;Site-ul)&#8221;. Politica noastra de utilizare a modulelor cookie face parte din Politica cu privire la prelucrarea datelor cu caracter personal. \u00a0 Ce [&hellip;]\" \/>\n<meta property=\"og:url\" content=\"https:\/\/wida-mamaia.ro\/ro\/cookie-policy\/\" \/>\n<meta property=\"og:site_name\" content=\"WIDA \u2666 Mamaia Residence\" \/>\n<meta name=\"twitter:card\" content=\"summary_large_image\" \/>\n<meta name=\"twitter:label1\" content=\"Timp estimat pentru citire\" \/>\n\t<meta name=\"twitter:data1\" content=\"11 minute\" \/>\n<script type=\"application\/ld+json\" class=\"yoast-schema-graph\">{\"@context\":\"https:\/\/schema.org\",\"@graph\":[{\"@type\":\"WebPage\",\"@id\":\"https:\/\/wida-mamaia.ro\/cookie-policy\/\",\"url\":\"https:\/\/wida-mamaia.ro\/cookie-policy\/\",\"name\":\"Cookie Policy - WIDA \u2666 Mamaia Residence\",\"isPartOf\":{\"@id\":\"https:\/\/wida-mamaia.ro\/#website\"},\"datePublished\":\"2021-01-14T13:39:57+00:00\",\"dateModified\":\"2021-01-14T13:39:57+00:00\",\"breadcrumb\":{\"@id\":\"https:\/\/wida-mamaia.ro\/cookie-policy\/#breadcrumb\"},\"inLanguage\":\"ro-RO\",\"potentialAction\":[{\"@type\":\"ReadAction\",\"target\":[\"https:\/\/wida-mamaia.ro\/cookie-policy\/\"]}]},{\"@type\":\"BreadcrumbList\",\"@id\":\"https:\/\/wida-mamaia.ro\/cookie-policy\/#breadcrumb\",\"itemListElement\":[{\"@type\":\"ListItem\",\"position\":1,\"name\":\"Home\",\"item\":\"https:\/\/wida-mamaia.ro\/\"},{\"@type\":\"ListItem\",\"position\":2,\"name\":\"Cookie Policy\"}]},{\"@type\":\"WebSite\",\"@id\":\"https:\/\/wida-mamaia.ro\/#website\",\"url\":\"https:\/\/wida-mamaia.ro\/\",\"name\":\"WIDA \u2666 Mamaia Residence\",\"description\":\"Exquisite Living\",\"potentialAction\":[{\"@type\":\"SearchAction\",\"target\":{\"@type\":\"EntryPoint\",\"urlTemplate\":\"https:\/\/wida-mamaia.ro\/?s={search_term_string}\"},\"query-input\":\"required name=search_term_string\"}],\"inLanguage\":\"ro-RO\"}]}<\/script>\n<!-- \/ Yoast SEO plugin. -->","yoast_head_json":{"title":"Cookie Policy - WIDA \u2666 Mamaia Residence","robots":{"index":"index","follow":"follow","max-snippet":"max-snippet:-1","max-image-preview":"max-image-preview:large","max-video-preview":"max-video-preview:-1"},"canonical":"https:\/\/wida-mamaia.ro\/ro\/cookie-policy\/","og_locale":"ro_RO","og_type":"article","og_title":"Cookie Policy - WIDA \u2666 Mamaia Residence","og_description":"Politica privind utilizarea Cookie-urilor Politica noastra de utilizare a modulelor cookie prezinta tipurile de module cookie si alte tehnologii similare de urmarire pe care le aplicam atunci cand vizitati sau utilizati site-ul www.wida.ro (&#8220;Site-ul)&#8221;. Politica noastra de utilizare a modulelor cookie face parte din Politica cu privire la prelucrarea datelor cu caracter personal. \u00a0 Ce [&hellip;]","og_url":"https:\/\/wida-mamaia.ro\/ro\/cookie-policy\/","og_site_name":"WIDA \u2666 Mamaia Residence","twitter_card":"summary_large_image","twitter_misc":{"Timp estimat pentru citire":"11 minute"},"schema":{"@context":"https:\/\/schema.org","@graph":[{"@type":"WebPage","@id":"https:\/\/wida-mamaia.ro\/cookie-policy\/","url":"https:\/\/wida-mamaia.ro\/cookie-policy\/","name":"Cookie Policy - WIDA \u2666 Mamaia Residence","isPartOf":{"@id":"https:\/\/wida-mamaia.ro\/#website"},"datePublished":"2021-01-14T13:39:57+00:00","dateModified":"2021-01-14T13:39:57+00:00","breadcrumb":{"@id":"https:\/\/wida-mamaia.ro\/cookie-policy\/#breadcrumb"},"inLanguage":"ro-RO","potentialAction":[{"@type":"ReadAction","target":["https:\/\/wida-mamaia.ro\/cookie-policy\/"]}]},{"@type":"BreadcrumbList","@id":"https:\/\/wida-mamaia.ro\/cookie-policy\/#breadcrumb","itemListElement":[{"@type":"ListItem","position":1,"name":"Home","item":"https:\/\/wida-mamaia.ro\/"},{"@type":"ListItem","position":2,"name":"Cookie Policy"}]},{"@type":"WebSite","@id":"https:\/\/wida-mamaia.ro\/#website","url":"https:\/\/wida-mamaia.ro\/","name":"WIDA \u2666 Mamaia Residence","description":"Exquisite Living","potentialAction":[{"@type":"SearchAction","target":{"@type":"EntryPoint","urlTemplate":"https:\/\/wida-mamaia.ro\/?s={search_term_string}"},"query-input":"required name=search_term_string"}],"inLanguage":"ro-RO"}]}},"_links":{"self":[{"href":"https:\/\/wida-mamaia.ro\/ro\/wp-json\/wp\/v2\/pages\/1351"}],"collection":[{"href":"https:\/\/wida-mamaia.ro\/ro\/wp-json\/wp\/v2\/pages"}],"about":[{"href":"https:\/\/wida-mamaia.ro\/ro\/wp-json\/wp\/v2\/types\/page"}],"author":[{"embeddable":true,"href":"https:\/\/wida-mamaia.ro\/ro\/wp-json\/wp\/v2\/users\/1"}],"replies":[{"embeddable":true,"href":"https:\/\/wida-mamaia.ro\/ro\/wp-json\/wp\/v2\/comments?post=1351"}],"version-history":[{"count":1,"href":"https:\/\/wida-mamaia.ro\/ro\/wp-json\/wp\/v2\/pages\/1351\/revisions"}],"predecessor-version":[{"id":1352,"href":"https:\/\/wida-mamaia.ro\/ro\/wp-json\/wp\/v2\/pages\/1351\/revisions\/1352"}],"wp:attachment":[{"href":"https:\/\/wida-mamaia.ro\/ro\/wp-json\/wp\/v2\/media?parent=1351"}],"curies":[{"name":"wp","href":"https:\/\/api.w.org\/{rel}","templated":true}]}}