{"id":1353,"date":"2021-01-14T13:43:06","date_gmt":"2021-01-14T13:43:06","guid":{"rendered":"https:\/\/wida-mamaia.ro\/?page_id=1353"},"modified":"2021-01-14T13:43:06","modified_gmt":"2021-01-14T13:43:06","slug":"terms-conditions","status":"publish","type":"page","link":"https:\/\/wida-mamaia.ro\/ro\/terms-conditions\/","title":{"rendered":"Terms &#038; Conditions"},"content":{"rendered":"<h3><strong>TERMENI \u0218I CONDI\u021aII <\/strong><\/h3>\r\n<ol>\r\n<li>\r\n<h3>Cadrul \u0219i condi\u021biile de utilizare<\/h3>\r\n<\/li>\r\n<\/ol>\r\n<p>Site-ul <a href=\"http:\/\/www.wida.ro\">www.wida.ro<\/a> este de\u0163inut de First Mamaia Residence SRL (\u201eSocietatea\u201d), persoana juridica romana, cu sediul social in Romania, mun. Bucuresti, sos. Kiseleff P. Dimitrievici nr. 16, parter, camera 1, sector 1, inregistrata in Registrul Comertului sub nr. J40\/446\/18.01.2012, avand cod unic de inregistrare 29556692, atribut fiscal RO, numit \u00een cele ce urmeaz\u0103 \u201eSocietatea\u201d.\u00a0Site-ul <a href=\"http:\/\/www.wida.ro\">www.wida.ro<\/a> este operat \u00een conformitate cu prevederile acestor Termeni \u015fi Condi\u0163ii, ce se completeaz\u0103 cu prevederile legale aplicabile.<\/p>\r\n<p>Aten\u021bie: Dac\u0103 nu sunte\u021bi de acord cu ace\u0219ti termeni \u0219i condi\u021bii, v\u0103 recomand\u0103m s\u0103 nu utiliza\u021bi site-ul <a href=\"http:\/\/www.wida.ro\">www.wida.ro<\/a>.<\/p>\r\n<ol start=\"2\">\r\n<li>\r\n<h3>Proprietate intelectuala<\/h3>\r\n<\/li>\r\n<\/ol>\r\n<p>Societatea de\u021bine toate drepturile de proprietate intelectual\u0103 asupra site-ului, precum \u0219i asupra logo-ului, textelor, imaginilor, video-urile, bazei de date, software-ului, sub inciden\u021ba legii na\u021bionale \u0219i interna\u021bionale privind proprietatea intelectual\u0103.Atfel, f\u0103r\u0103 permsiunea scris\u0103 prealabil\u0103 a Societatii, utilizatorii sau ter\u021bii nu pot copia, adapta, publica sau reproduce par\u021bial sau total nicio informa\u021bie ce se reg\u0103se\u0219te pe site-ul <a href=\"http:\/\/www.wida.ro\">www.wida.ro<\/a>.<\/p>\r\n<ol start=\"3\">\r\n<li>\r\n<h3>Prevederi privind datele cu caracter personal<\/h3>\r\n<\/li>\r\n<\/ol>\r\n<p>In calitate de Operator de date cu caracter personal, Societatea isi asuma angajamentul de a respecta datele dvs. cu caracter personal si de a se conforma prevederilor legale aplicabile privind protectia acestora, in special prevederilor Regulamentului European 679\/2016 privind protec\u0163ia persoanelor fizice \u00een ceea ce prive\u015fte prelucrarea datelor cu caracter personal \u015fi privind libera circula\u0163ie a acestor date \u015fi de abrogare a Directivei 95\/46\/CE (Regulamentul general privind protec\u0163ia datelor sau GDPR).<\/p>\r\n<p>Pentru detalii complete, consultati Politica de confidentialitate.<\/p>\r\n<p>Modific\u0103ri ale website-ului, software-ului \u015fi ale serviciilor<\/p>\r\n<p>Societatea \u00ee\u015fi rezerv\u0103 dreptul de a:<\/p>\r\n<ul>\r\n<li>modifica sau \u015fterge (temporar sau permanent) website-ul sau orice parte a acestuia f\u0103r\u0103 a anun\u0163a, nefiind responsabil\u0103 pentru asemenea modific\u0103ri sau \u015ftergeri.<\/li>\r\n<li>modifica, \u015fterge sau \u00eentrerupe orice software, serviciu sau promo\u0163ie \u00een orice moment, f\u0103r\u0103 a anun\u0163a, nefiind responsabil\u0103 pentru asemenea modific\u0103ri sau \u015ftergeri.<\/li>\r\n<li>modifica sau \u00eentrerupe orice campanie promo\u0163ionala derulata online, nefiind responsabil\u0103 pentru asemenea modific\u0103ri sau \u015ftergeri.<\/li>\r\n<\/ul>\r\n<ol start=\"4\">\r\n<li>\r\n<h3>Limitarea r\u0103spunderii privind func\u021bionarea site-ului\u00a0<\/h3>\r\n<\/li>\r\n<\/ol>\r\n<p>Societatea nu garanteaza disponibilitatea continu\u0103 a site-ului <a href=\"http:\/\/www.wida.ro\">www.wida.ro<\/a> si\/sau func\u021bionarea sa permanent\u0103 \u00een parametri tehnici optimi.<\/p>\r\n<p>Pe site-ul <a href=\"http:\/\/www.wida.ro\">www.wida.ro<\/a> pot exista link-uri c\u0103tre alte site-uri ce nu sunt detinute de catre Societate. Aceste linkuri au scopul de a oferi informa\u021bii adi\u021bionale, \u00eens\u0103 Societatea nu r\u0103spunde pentru con\u021binutul acestora, pentru politica lor de confiden\u021bialitate sau securitatea datelor dumneavoastr\u0103 atunci c\u00e2nd accesa\u021bi oricare dintre aceste link-uri.<\/p>\r\n<ol start=\"5\">\r\n<li>\r\n<h3>\u00cenc\u0103lcarea termenilor \u0219i condi\u021biilor\u00a0<\/h3>\r\n<\/li>\r\n<\/ol>\r\n<p>Utilizatorii iau la cuno\u0219tin\u021b\u0103 c\u0103 orice \u00eenc\u0103lcare a termenilor \u0219i condi\u021biilor va fi sanc\u021bionat\u0103 conform legisla\u021biei \u00een vigoare.<\/p>\r\n<ol start=\"6\">\r\n<li>\r\n<h3>Suspendarea sau oprirea permanent\u0103 a serviciilor<\/h3>\r\n<\/li>\r\n<\/ol>\r\n<p>Utilizatorii au obliga\u021bia de a respecta termenii \u0219i condi\u021biile men\u021bionate \u00een prezentul document, nerespectarea acestora atr\u0103g\u00e2nd sanc\u021biunea suspend\u0103rii sau anul\u0103rii dreptului de a utiliza site-ul <a href=\"http:\/\/www.wida.ro\">www.wida.ro<\/a>, f\u0103r\u0103 repararea unui eventual prejudiciu al utilizatorului.\u00a0Societatea are dreptul de a cere desp\u0103gubiri pentru pierderile cauzate de nerespectarea prezentului document.<\/p>\r\n<ol start=\"7\">\r\n<li>\r\n<h3>Legea aplicabil\u0103<\/h3>\r\n<\/li>\r\n<\/ol>\r\n<p>Prezentul document are natura juridic\u0103 a unui contract la distan\u021b\u0103 \u00eencheiat \u00eentre dumneavoastr\u0103 \u00een calitate de utilizator \u0219i Societate \u0219i intr\u0103 sub inciden\u021ba legii rom\u00e2ne \u00een vigoare.<\/p>\r\n<ol start=\"8\">\r\n<li>\r\n<h3>Instan\u021ba competent\u0103.<\/h3>\r\n<\/li>\r\n<\/ol>\r\n<p>Orice litigiu \u00een care este implicata Societatea va fi solutionat de c\u0103tre instan\u021bele judec\u0103tore\u0219ti rom\u00e2ne competente de la sediul sau.<\/p>\r\n<p>&nbsp;<\/p>","protected":false},"excerpt":{"rendered":"<p>TERMENI \u0218I CONDI\u021aII Cadrul \u0219i condi\u021biile de utilizare Site-ul www.wida.ro este de\u0163inut de First Mamaia Residence SRL (\u201eSocietatea\u201d), persoana juridica romana, cu sediul social in Romania, mun. Bucuresti, sos. Kiseleff P. Dimitrievici nr. 16, parter, camera 1, sector 1, inregistrata in Registrul Comertului sub nr. J40\/446\/18.01.2012, avand cod unic de inregistrare 29556692, atribut fiscal RO, [&hellip;]<\/p>","protected":false},"author":1,"featured_media":0,"parent":0,"menu_order":0,"comment_status":"closed","ping_status":"open","template":"","meta":[],"yoast_head":"<!-- This site is optimized with the Yoast SEO plugin v19.14 - https:\/\/yoast.com\/wordpress\/plugins\/seo\/ -->\n<title>Terms &amp; Conditions - WIDA \u2666 Mamaia Residence<\/title>\n<meta name=\"robots\" content=\"index, follow, max-snippet:-1, max-image-preview:large, max-video-preview:-1\" \/>\n<link rel=\"canonical\" href=\"https:\/\/wida-mamaia.ro\/ro\/terms-conditions\/\" \/>\n<meta property=\"og:locale\" content=\"ro_RO\" \/>\n<meta property=\"og:type\" content=\"article\" \/>\n<meta property=\"og:title\" content=\"Terms &amp; Conditions - WIDA \u2666 Mamaia Residence\" \/>\n<meta property=\"og:description\" content=\"TERMENI \u0218I CONDI\u021aII Cadrul \u0219i condi\u021biile de utilizare Site-ul www.wida.ro este de\u0163inut de First Mamaia Residence SRL (\u201eSocietatea\u201d), persoana juridica romana, cu sediul social in Romania, mun. Bucuresti, sos. Kiseleff P. Dimitrievici nr. 16, parter, camera 1, sector 1, inregistrata in Registrul Comertului sub nr. J40\/446\/18.01.2012, avand cod unic de inregistrare 29556692, atribut fiscal RO, [&hellip;]\" \/>\n<meta property=\"og:url\" content=\"https:\/\/wida-mamaia.ro\/ro\/terms-conditions\/\" \/>\n<meta property=\"og:site_name\" content=\"WIDA \u2666 Mamaia Residence\" \/>\n<meta name=\"twitter:card\" content=\"summary_large_image\" \/>\n<meta name=\"twitter:label1\" content=\"Timp estimat pentru citire\" \/>\n\t<meta name=\"twitter:data1\" content=\"3 minute\" \/>\n<script type=\"application\/ld+json\" class=\"yoast-schema-graph\">{\"@context\":\"https:\/\/schema.org\",\"@graph\":[{\"@type\":\"WebPage\",\"@id\":\"https:\/\/wida-mamaia.ro\/ro\/terms-conditions\/\",\"url\":\"https:\/\/wida-mamaia.ro\/ro\/terms-conditions\/\",\"name\":\"Terms & Conditions - WIDA \u2666 Mamaia Residence\",\"isPartOf\":{\"@id\":\"https:\/\/wida-mamaia.ro\/#website\"},\"datePublished\":\"2021-01-14T13:43:06+00:00\",\"dateModified\":\"2021-01-14T13:43:06+00:00\",\"breadcrumb\":{\"@id\":\"https:\/\/wida-mamaia.ro\/ro\/terms-conditions\/#breadcrumb\"},\"inLanguage\":\"ro-RO\",\"potentialAction\":[{\"@type\":\"ReadAction\",\"target\":[\"https:\/\/wida-mamaia.ro\/ro\/terms-conditions\/\"]}]},{\"@type\":\"BreadcrumbList\",\"@id\":\"https:\/\/wida-mamaia.ro\/ro\/terms-conditions\/#breadcrumb\",\"itemListElement\":[{\"@type\":\"ListItem\",\"position\":1,\"name\":\"Home\",\"item\":\"https:\/\/wida-mamaia.ro\/\"},{\"@type\":\"ListItem\",\"position\":2,\"name\":\"Terms &#038; Conditions\"}]},{\"@type\":\"WebSite\",\"@id\":\"https:\/\/wida-mamaia.ro\/#website\",\"url\":\"https:\/\/wida-mamaia.ro\/\",\"name\":\"WIDA \u2666 Mamaia Residence\",\"description\":\"Exquisite Living\",\"potentialAction\":[{\"@type\":\"SearchAction\",\"target\":{\"@type\":\"EntryPoint\",\"urlTemplate\":\"https:\/\/wida-mamaia.ro\/?s={search_term_string}\"},\"query-input\":\"required name=search_term_string\"}],\"inLanguage\":\"ro-RO\"}]}<\/script>\n<!-- \/ Yoast SEO plugin. -->","yoast_head_json":{"title":"Terms & Conditions - WIDA \u2666 Mamaia Residence","robots":{"index":"index","follow":"follow","max-snippet":"max-snippet:-1","max-image-preview":"max-image-preview:large","max-video-preview":"max-video-preview:-1"},"canonical":"https:\/\/wida-mamaia.ro\/ro\/terms-conditions\/","og_locale":"ro_RO","og_type":"article","og_title":"Terms & Conditions - WIDA \u2666 Mamaia Residence","og_description":"TERMENI \u0218I CONDI\u021aII Cadrul \u0219i condi\u021biile de utilizare Site-ul www.wida.ro este de\u0163inut de First Mamaia Residence SRL (\u201eSocietatea\u201d), persoana juridica romana, cu sediul social in Romania, mun. Bucuresti, sos. Kiseleff P. Dimitrievici nr. 16, parter, camera 1, sector 1, inregistrata in Registrul Comertului sub nr. J40\/446\/18.01.2012, avand cod unic de inregistrare 29556692, atribut fiscal RO, [&hellip;]","og_url":"https:\/\/wida-mamaia.ro\/ro\/terms-conditions\/","og_site_name":"WIDA \u2666 Mamaia Residence","twitter_card":"summary_large_image","twitter_misc":{"Timp estimat pentru citire":"3 minute"},"schema":{"@context":"https:\/\/schema.org","@graph":[{"@type":"WebPage","@id":"https:\/\/wida-mamaia.ro\/ro\/terms-conditions\/","url":"https:\/\/wida-mamaia.ro\/ro\/terms-conditions\/","name":"Terms & Conditions - WIDA \u2666 Mamaia Residence","isPartOf":{"@id":"https:\/\/wida-mamaia.ro\/#website"},"datePublished":"2021-01-14T13:43:06+00:00","dateModified":"2021-01-14T13:43:06+00:00","breadcrumb":{"@id":"https:\/\/wida-mamaia.ro\/ro\/terms-conditions\/#breadcrumb"},"inLanguage":"ro-RO","potentialAction":[{"@type":"ReadAction","target":["https:\/\/wida-mamaia.ro\/ro\/terms-conditions\/"]}]},{"@type":"BreadcrumbList","@id":"https:\/\/wida-mamaia.ro\/ro\/terms-conditions\/#breadcrumb","itemListElement":[{"@type":"ListItem","position":1,"name":"Home","item":"https:\/\/wida-mamaia.ro\/"},{"@type":"ListItem","position":2,"name":"Terms &#038; Conditions"}]},{"@type":"WebSite","@id":"https:\/\/wida-mamaia.ro\/#website","url":"https:\/\/wida-mamaia.ro\/","name":"WIDA \u2666 Mamaia Residence","description":"Exquisite Living","potentialAction":[{"@type":"SearchAction","target":{"@type":"EntryPoint","urlTemplate":"https:\/\/wida-mamaia.ro\/?s={search_term_string}"},"query-input":"required name=search_term_string"}],"inLanguage":"ro-RO"}]}},"_links":{"self":[{"href":"https:\/\/wida-mamaia.ro\/ro\/wp-json\/wp\/v2\/pages\/1353"}],"collection":[{"href":"https:\/\/wida-mamaia.ro\/ro\/wp-json\/wp\/v2\/pages"}],"about":[{"href":"https:\/\/wida-mamaia.ro\/ro\/wp-json\/wp\/v2\/types\/page"}],"author":[{"embeddable":true,"href":"https:\/\/wida-mamaia.ro\/ro\/wp-json\/wp\/v2\/users\/1"}],"replies":[{"embeddable":true,"href":"https:\/\/wida-mamaia.ro\/ro\/wp-json\/wp\/v2\/comments?post=1353"}],"version-history":[{"count":1,"href":"https:\/\/wida-mamaia.ro\/ro\/wp-json\/wp\/v2\/pages\/1353\/revisions"}],"predecessor-version":[{"id":1354,"href":"https:\/\/wida-mamaia.ro\/ro\/wp-json\/wp\/v2\/pages\/1353\/revisions\/1354"}],"wp:attachment":[{"href":"https:\/\/wida-mamaia.ro\/ro\/wp-json\/wp\/v2\/media?parent=1353"}],"curies":[{"name":"wp","href":"https:\/\/api.w.org\/{rel}","templated":true}]}}