{"id":3,"date":"2020-07-20T08:45:03","date_gmt":"2020-07-20T08:45:03","guid":{"rendered":"https:\/\/wida-mamaia.ro\/?page_id=3"},"modified":"2021-01-14T13:27:24","modified_gmt":"2021-01-14T13:27:24","slug":"privacy-policy","status":"publish","type":"page","link":"https:\/\/wida-mamaia.ro\/ro\/privacy-policy\/","title":{"rendered":"Privacy Policy"},"content":{"rendered":"<h2><strong>Nota de informare privind prelucrarea datelor cu caracter personal<\/strong><\/h2>\r\n<p>First Mamaia Residence SRL (\u201eSocietatea\u201d), persoana juridica romana, cu sediul social in Romania, mun. Bucuresti, sos. Kiseleff P. Dimitrievici nr. 16, parter, camera 1, sector 1, inregistrata in Registrul Comertului sub nr. J40\/446\/18.01.2012, avand cod unic de inregistrare 29556692, atribut fiscal RO, in calitate de Operator de date cu caracter personal, prelucreaza datele dumneavoastra cu caracter personal (&#8220;Datele personale&#8221;) cu buna credinta si in realizarea scopurilor specificate in prezenta Nota de informare, in conformitate cu prevederile Regulamentului (UE) nr. 679 din 27 aprilie 2016 privind protectia persoanelor fizice in ceea ce priveste prelucrarea datelor cu caracter personal si privind libera circulatie a acestor date si de abrogare a Directivei 95\/46\/CE (\u201eRegulamentul\u201d).<\/p>\r\n<p>Aceste Date personale, apar\u021bin\u00e2nd dumneavoastr\u0103 \u00een calitate de client, respectiv persoan\u0103 vizat\u0103, au fost furnizate Societatii, de c\u0103tre dumneavoastr\u0103, la data formul\u0103rii unei cereri prin care se solicit\u0103 prestarea unor servicii de c\u0103tre Societate \u0219i\/sau pe parcursul derul\u0103rii rela\u021biei contractuale\/ de afaceri.<\/p>\r\n<p>In desfasurarea activitatilor sale, Societatea actioneaza cu prudenta, respecta legislatia Romaniei si a Uniunii Europene aplicabila, protejeaza Datele personale ale Persoanelor vizate, respectand intocmai legislatia aplicabila.<\/p>\r\n<p>Prezentul document se doreste a fi o sursa importanta de informare oferita Persoanei vizate cu privire la modalitatea in care Societatea efectueaza operatiunile de prelucrare a Datelor personale, suplimentar informarilor separate pe care Societatea le furnizeaza Persoanelor vizate conform art. 12 \u2013 13 sau, dupa caz, art. 14 din Regulament.<\/p>\r\n<p>Ne pute\u021bi contacta prin po\u0219t\u0103 la adresa sediului social de mai sus, prin e-mail la adresa info@wida-mamaia.ro sau telefonic la num\u0103rul de telefon <a href=\"tel:+40732347347\">+4 0732.347.347<\/a><\/p>\r\n<p>Nu suntem obliga\u021bi s\u0103 avem un responsabil cu protec\u021bia datelor, astfel \u00eenc\u00e2t orice \u00eentrebare cu privire la utilizarea datelor dvs. personale trebuie adresat\u0103 la datele de contact de mai sus.<\/p>\r\n<h3><strong>Ce inseamna prelucrarea datelor personale?<\/strong><\/h3>\r\n<p>Prelucrarea inseamna orice operatiune sau set de operatiuni efectuate asupra Datelor personale sau asupra seturilor de Date personale, cu sau fara utilizarea de mijloace automatizate, cum ar fi: colectarea, inregistrarea, organizarea, structurarea, stocarea, adaptarea sau modificarea, extragerea, consultarea, utilizarea, divulgarea prin transmitere, diseminarea sau punerea la dispozitie in orice alt mod, alinierea sau combinarea, restrictionarea, stergerea sau distrugerea. Societatea aplica cu privire la prelucrarea Datelor Personale masuri tehnice si organizatorice adecvate pentru a proteja aceste date impotriva distrugerii accidentale sau ilegale, pierderii, modificarii, dezvaluirii sau accesului neautorizat, precum si impotriva oricarei alte forme de prelucrare ilegala. Datele Personale sunt prelucrate in mod individual, in considerarea temeiurilor legale aplicabile. In situatia in care operatiunea de prelucrare a Datelor personale se intemeiaza pe acordul Persoanei vizate, acesta este obtinut de catre Societatea printr-un document separat in conditiile Regulamentului.<\/p>\r\n<h3><strong>Temeiuri legale \u2013 care este baza legala a prelucrarii?<\/strong><\/h3>\r\n<p><strong>Societatea prelucreaza Datele personale in considerarea urmatoarelor temeiuri legale din Regulament:<\/strong><\/p>\r\n<ol>\r\n<li>in baza consimtamantului Persoanei vizate \u2013 art. 6 alin. (1) lit. a);<\/li>\r\n<li>pentru incheierea si executarea unui contract la care Persoana vizata este parte sau pentru a face demersuri la cererea Persoanei vizate inainte de incheierea unui contract \u2013 art. 6 alin. (1) lit. b);<\/li>\r\n<li>prelucrarea este necesara in vederea indeplinirii unei obligatii legale care ii revine Societatii \u2013 art. 6 alin. (1) lit. c);<\/li>\r\n<li>prelucrarea este necesara pentru a proteja interesele vitale ale Persoanei vizate sau ale altei persoane fizice \u2013 art. 6 alin. (1) lit. d);<\/li>\r\n<li>prelucrarea este necesara pentru indeplinirea unei sarcini care serveste unui interes public sau care rezulta din exercitarea autoritatii publice cu care este investita Societatea \u2013 art. 6 alin. (1) lit. e);<\/li>\r\n<li>prelucrarea este necesara in scopul intereselor legitime urmarite de Societatea sau de o parte terta, cu exceptia cazului in care prevaleaza interesele sau drepturile si libertatile fundamentale ale Persoanei vizate, care necesita protejarea datelor cu caracter personal, in special atunci cand Persoana vizata este un copil \u2013 art. 6 alin. (1) lit. f).<\/li>\r\n<\/ol>\r\n<h3><strong>Care sunt principiile de prelucrare a datelor personale?<\/strong><\/h3>\r\n<p><strong>In prelucrarea Datelor personale, Societatea si persoanele imputernicite de aceasta, respecta intocmai principiile de prelucrare a datelor prevazute de art. 5 din Regulament, astfel:<\/strong><\/p>\r\n<ol>\r\n<li><strong>legalitate, echitate si transparenta<\/strong> \u2013 Datele personale sunt prelucrate in mod legal, corect si transparent, Persoana vizata fiind informata cu privire la existenta unei operatiuni de prelucrare si la scopurile acesteia legitime, stabilite pe criterii de echitate fata de drepturile si interesele fundamentale ale Persoanei vizate;<\/li>\r\n<li><strong>limitarea scopului operatiunii de prelucrare<\/strong> \u2013 Datele personale se colecteaza de catre Societate in scopuri determinate, explicite si legitime si nu se prelucreaza ulterior pentru scopuri aditionale care nu sunt compatibile cu aceste scopuri;<\/li>\r\n<li><strong>proportionalitatea si reducerea la minim<\/strong> \u2013 Datele personale se prelucreaza de o maniera adecvata, relevanta si limitata la necesitatea de a realiza scopurile legitime si precis determinate pentru care sunt prelucrate;<\/li>\r\n<li><strong>exactitatea si actualizarea<\/strong> \u2013 Datele personale prelucrate sunt exacte si, in cazul in care este necesar, acestea sunt actualizate; in acest sens, Societatea ia toate masurile necesare pentru a se asigura ca Datele personale care sunt inexacte, avand in vedere scopurile pentru care sunt prelucrate, sunt sterse sau rectificate fara intarziere;<\/li>\r\n<li><strong>limitarea stocarii<\/strong> \u2013 Datele personale sunt pastrate intr-o forma care permite identificarea Persoanelor vizate pentru o perioada care nu depaseste perioada necesara pentru scopurile pentru care sunt prelucrate Datele personale;<\/li>\r\n<li><strong>integritatea si confidentialitatea<\/strong> \u2013 Datele personale sunt prelucrate in conditii de securitate adecvate, astfel incat sa se asigure protectia acestora impotriva prelucrarii neautorizate sau ilegale, respectiv impotriva pierderii, distrugerii sau deteriorarii accidentale a Datelor personale.<\/li>\r\n<\/ol>\r\n<p>&nbsp;<\/p>\r\n<p><strong>Datele Personale Prelucrate<\/strong> sunt urmatoarele:<\/p>\r\n<ol>\r\n<li>date de identificare (ex. prenumele, numele, numele anterior, pseudonimul, sexul, etc.)<\/li>\r\n<li>date de contact (ex. adresa, numarul de telefon fix\/mobil, faxul, adresa de posta electronica etc.);<\/li>\r\n<\/ol>\r\n<p>&nbsp;<\/p>\r\n<p><strong>Datele personale<\/strong> sunt prelucrate de catre Societate in urmatoarele <strong>scopuri:<\/strong><\/p>\r\n<ol>\r\n<li>de a asigura o bun\u0103 func\u021bionare a formularului de contact de pe site-ul nostru \u0219i de a face experien\u021ba utilizatorului pe site una c\u00e2t mai pl\u0103cut\u0103;<\/li>\r\n<li>verificarea satisfactiei clientului si a calitatii serviciilor si produselor achizitionate, in temeiul interesului legitim al imbunatatirii permanente a serviciilor Societatii;<\/li>\r\n<\/ol>\r\n<p>Atunci cand accesati site-ul www.wida.ro, serverele noastre creeaza in mod automat inregistrari ale vizitei Dvs. Aceste inregistrari includ, de obicei, adrese IP, numarul de accesari, pagina de internet de la care te-ai conectat si alte date.<\/p>\r\n<p>Pentru mai multe informatii, va rugam sa consulti documentul privind fisierele de tip \u201ecookie\u201d.<\/p>\r\n<p>Datele personale sunt prelucrate de catre Societate in baza in baza consimtamantului dumneavoastra, in temeiul art. 6 alin. (1) lit. a) din Regulament;<\/p>\r\n<h3><strong>Datele personale sunt prelucrate pe urmatoarele perioade de timp:<\/strong><\/h3>\r\n<p>Societatea noastra pastreaza datele personale pe toata perioada necesara realizarii scopurilor pentru care au fost colectate, fara depasirea urmatoarelor perioade maxime de pastrare: Datele utilizatorilor legate de formulare de contact online \u2013 pentru o perioada de maxim 12 luni.<\/p>\r\n<h3>\u00a0<strong>Operatori, Persoane Imputernicite si Destinatarii Datelor personale:<\/strong><\/h3>\r\n<p>Datele personale pot fi transmise catre urmatoarele categorii de destinatari: a) persoana vizata, reprezentantii persoanei vizate, b) societati imobiliare (care pot avea calitatea de operator asociat al Societatii), c) avocati, evaluatori autorizati, contabili, cenzori, auditori si alt tip de consultanti, d) diversi furnizori de servicii (ex. IT, arhivare, printare, curieri etc.)<\/p>\r\n<p>Datele personale transmise tertilor vor fi adecvate, pertinente si neexcesive prin raportare la scopul in care au fost colectate si care permite transmiterea catre un anumit tert.<\/p>\r\n<h3><strong>Necesitatea prelucrarii Datelor personale:<\/strong><\/h3>\r\n<p>In situatia in care refuzati prelucrarea Datelor personale pentru scopurile stipulate mai sus, Societatea va fi in imposibilitatea de a initia raporturi juridice cu dumneavoastra sau de a le continua, intrucat nu va putea respecta cerintele legale de a analiza cererea privind prestarea unor servicii de catre Societate.<\/p>\r\n<p>In situatia in care va opuneti prelucrarii Datelor personale in scop statistic, va informam ca acesta optiune va fi analizata, si in functie de situatia particulara a persoanei vizate, veti primi un raspuns conform art. 21 din Regulament, obiectiunea dumneavoastra pentru o asemenea operatiune neavand un efect asupra continuarii relatiei contractuale cu Societate.<\/p>\r\n<p>In situatia in care nu sunteti de acord cu prelucrarea Datelor personale in scop de marketing direct sau pentru contactarea dumneavoastra in scopul obtinerii opiniei dumneavoastra cu privire la serviciile si produsele oferite sau achizitionate, relatia contractuala dintre dumneavoastra si Societate nu va fi afectata in niciun fel.<\/p>\r\n<p>In calitate de persoana vizata, aveti urmatoarele Drepturi cu privire exclusiv la Datele dumneavoastra:<\/p>\r\n<ol>\r\n<li>dreptul de acces la date, conform art. 15 din Regulament;<\/li>\r\n<li>dreptul de rectificare a datelor, conform art. 16 din Regulament;<\/li>\r\n<li>dreptul de stergere a datelor, conform art. 17 din Regulament;<\/li>\r\n<li>dreptul la restrictionare a datelor, conform art. 18 din Regulament;<\/li>\r\n<li>dreptul la portabilitatea datelor, conform art. 20 din Regulament;<\/li>\r\n<li>dreptul de a va opune prelucrarii datelor, conform art. 21 din Regulament;<\/li>\r\n<li>dreptul de a va adresa Autoritatii Nationale pentru Supravegherea Prelucrarii Datelor cu Caracter Personal, B-dul G-ral. Gheorghe Magheru 28-30Sector 1, cod postal 010336Bucuresti, Romania, www.dataprotection.ro, anspdcp@dataprotection.ro+40.318.059.211, +40.318.059.212.<\/li>\r\n<\/ol>\r\n<p>Mentionam ca, potrivit art. 7 alineat 3 din Regulament, aveti dreptul de a va retrage oricand consimtamantul de marketing direct si de realizare a profilului dumneavoastra in scop de marketing.<\/p>\r\n<p>Pentru exercitarea acestor drepturi, v\u0103 pute\u021bi adresa cu o cerere scris\u0103, datat\u0103 \u0219i semnat\u0103, transmis\u0103 c\u0103tre First Mamaia Residence, la adresa: mun. Bucuresti, sos. Kiseleff P. Dimitrievici nr. 16, parter, camera 1, sector 1, sau pe email la info@wida-mamaia.ro, respectiv apel\u00e2nd la num\u0103rul <a href=\"tel:+40732347347\">+4 0732.347.347<\/a> (apel tarif normal \u00een re\u021belele mobile Telekom Romania, Orange, RCS&amp;RDS, Vodafone). \u00cen cazul \u00een care ve\u021bi adresa o solicitare privind exercitarea drepturilor dumneavoastr\u0103 privind protec\u0163ia datelor, Societate va r\u0103spunde acestei solicit\u0103ri \u00een termen de o lun\u0103 de zile, termen ce poate fi prelungit cu doua luni, \u00een condi\u0163iile prev\u0103zute de Regulament.<\/p>\r\n<p>Precizam ca aceasta Nota de informare este realizata in conformitate cu articolul 13 din Regulament, respectiv pentru informarea dumneavoastra, nefiind pusa la dispozitie in scopul colectarii consimtamantului dumneavoastra pentru operatiunile de prelucrare mentionate. In situatia in care este necesar acordul dumneavoastra pentru operatiunile de prelucrare, acesta fie a fost deja exprimat, fie va fi colectat cu ocazia unor viitoare interactiuni cu Societate.<\/p>\r\n<p>Actualiz\u0103ri la aceast\u0103 politic\u0103 de confiden\u021bialitate<\/p>\r\n<p>Cea mai recent\u0103 actualizare a acestei Politici de confiden\u021bialitate a fost realizat\u0103 \u00een luna Octombrie 2019. Ne rezerv\u0103m dreptul de a actualiza \u0219i modifica periodic aceast\u0103 Politic\u0103 de confiden\u021bialitate, pentru a reflecta orice modific\u0103ri ale modului \u00een care prelucr\u0103m datele dumneavoastr\u0103 cu caracter personal sau orice modific\u0103ri ale cerin\u021belor legale. \u00cen cazul oric\u0103rei astfel de modific\u0103ri, vom afi\u0219a in aplicatie versiunea modificat\u0103 a Politicii de confiden\u021bialitate \u0219i\/sau o v\u0103 vom pune la dispozi\u021bie \u00een alt mod.<\/p>","protected":false},"excerpt":{"rendered":"<p>Nota de informare privind prelucrarea datelor cu caracter personal First Mamaia Residence SRL (\u201eSocietatea\u201d), persoana juridica romana, cu sediul social in Romania, mun. Bucuresti, sos. Kiseleff P. Dimitrievici nr. 16, parter, camera 1, sector 1, inregistrata in Registrul Comertului sub nr. J40\/446\/18.01.2012, avand cod unic de inregistrare 29556692, atribut fiscal RO, in calitate de Operator [&hellip;]<\/p>","protected":false},"author":1,"featured_media":0,"parent":0,"menu_order":0,"comment_status":"closed","ping_status":"open","template":"","meta":[],"yoast_head":"<!-- This site is optimized with the Yoast SEO plugin v19.14 - https:\/\/yoast.com\/wordpress\/plugins\/seo\/ -->\n<title>Privacy Policy - WIDA \u2666 Mamaia Residence<\/title>\n<meta name=\"robots\" content=\"index, follow, max-snippet:-1, max-image-preview:large, max-video-preview:-1\" \/>\n<link rel=\"canonical\" href=\"https:\/\/wida-mamaia.ro\/ro\/privacy-policy\/\" \/>\n<meta property=\"og:locale\" content=\"ro_RO\" \/>\n<meta property=\"og:type\" content=\"article\" \/>\n<meta property=\"og:title\" content=\"Privacy Policy - WIDA \u2666 Mamaia Residence\" \/>\n<meta property=\"og:description\" content=\"Nota de informare privind prelucrarea datelor cu caracter personal First Mamaia Residence SRL (\u201eSocietatea\u201d), persoana juridica romana, cu sediul social in Romania, mun. Bucuresti, sos. Kiseleff P. Dimitrievici nr. 16, parter, camera 1, sector 1, inregistrata in Registrul Comertului sub nr. J40\/446\/18.01.2012, avand cod unic de inregistrare 29556692, atribut fiscal RO, in calitate de Operator [&hellip;]\" \/>\n<meta property=\"og:url\" content=\"https:\/\/wida-mamaia.ro\/ro\/privacy-policy\/\" \/>\n<meta property=\"og:site_name\" content=\"WIDA \u2666 Mamaia Residence\" \/>\n<meta property=\"article:modified_time\" content=\"2021-01-14T13:27:24+00:00\" \/>\n<meta name=\"twitter:card\" content=\"summary_large_image\" \/>\n<meta name=\"twitter:label1\" content=\"Timp estimat pentru citire\" \/>\n\t<meta name=\"twitter:data1\" content=\"9 minute\" \/>\n<script type=\"application\/ld+json\" class=\"yoast-schema-graph\">{\"@context\":\"https:\/\/schema.org\",\"@graph\":[{\"@type\":\"WebPage\",\"@id\":\"https:\/\/wida-mamaia.ro\/privacy-policy\/\",\"url\":\"https:\/\/wida-mamaia.ro\/privacy-policy\/\",\"name\":\"Privacy Policy - WIDA \u2666 Mamaia Residence\",\"isPartOf\":{\"@id\":\"https:\/\/wida-mamaia.ro\/#website\"},\"datePublished\":\"2020-07-20T08:45:03+00:00\",\"dateModified\":\"2021-01-14T13:27:24+00:00\",\"breadcrumb\":{\"@id\":\"https:\/\/wida-mamaia.ro\/privacy-policy\/#breadcrumb\"},\"inLanguage\":\"ro-RO\",\"potentialAction\":[{\"@type\":\"ReadAction\",\"target\":[\"https:\/\/wida-mamaia.ro\/privacy-policy\/\"]}]},{\"@type\":\"BreadcrumbList\",\"@id\":\"https:\/\/wida-mamaia.ro\/privacy-policy\/#breadcrumb\",\"itemListElement\":[{\"@type\":\"ListItem\",\"position\":1,\"name\":\"Home\",\"item\":\"https:\/\/wida-mamaia.ro\/\"},{\"@type\":\"ListItem\",\"position\":2,\"name\":\"Privacy Policy\"}]},{\"@type\":\"WebSite\",\"@id\":\"https:\/\/wida-mamaia.ro\/#website\",\"url\":\"https:\/\/wida-mamaia.ro\/\",\"name\":\"WIDA \u2666 Mamaia Residence\",\"description\":\"Exquisite Living\",\"potentialAction\":[{\"@type\":\"SearchAction\",\"target\":{\"@type\":\"EntryPoint\",\"urlTemplate\":\"https:\/\/wida-mamaia.ro\/?s={search_term_string}\"},\"query-input\":\"required name=search_term_string\"}],\"inLanguage\":\"ro-RO\"}]}<\/script>\n<!-- \/ Yoast SEO plugin. -->","yoast_head_json":{"title":"Privacy Policy - WIDA \u2666 Mamaia Residence","robots":{"index":"index","follow":"follow","max-snippet":"max-snippet:-1","max-image-preview":"max-image-preview:large","max-video-preview":"max-video-preview:-1"},"canonical":"https:\/\/wida-mamaia.ro\/ro\/privacy-policy\/","og_locale":"ro_RO","og_type":"article","og_title":"Privacy Policy - WIDA \u2666 Mamaia Residence","og_description":"Nota de informare privind prelucrarea datelor cu caracter personal First Mamaia Residence SRL (\u201eSocietatea\u201d), persoana juridica romana, cu sediul social in Romania, mun. Bucuresti, sos. Kiseleff P. Dimitrievici nr. 16, parter, camera 1, sector 1, inregistrata in Registrul Comertului sub nr. J40\/446\/18.01.2012, avand cod unic de inregistrare 29556692, atribut fiscal RO, in calitate de Operator [&hellip;]","og_url":"https:\/\/wida-mamaia.ro\/ro\/privacy-policy\/","og_site_name":"WIDA \u2666 Mamaia Residence","article_modified_time":"2021-01-14T13:27:24+00:00","twitter_card":"summary_large_image","twitter_misc":{"Timp estimat pentru citire":"9 minute"},"schema":{"@context":"https:\/\/schema.org","@graph":[{"@type":"WebPage","@id":"https:\/\/wida-mamaia.ro\/privacy-policy\/","url":"https:\/\/wida-mamaia.ro\/privacy-policy\/","name":"Privacy Policy - WIDA \u2666 Mamaia Residence","isPartOf":{"@id":"https:\/\/wida-mamaia.ro\/#website"},"datePublished":"2020-07-20T08:45:03+00:00","dateModified":"2021-01-14T13:27:24+00:00","breadcrumb":{"@id":"https:\/\/wida-mamaia.ro\/privacy-policy\/#breadcrumb"},"inLanguage":"ro-RO","potentialAction":[{"@type":"ReadAction","target":["https:\/\/wida-mamaia.ro\/privacy-policy\/"]}]},{"@type":"BreadcrumbList","@id":"https:\/\/wida-mamaia.ro\/privacy-policy\/#breadcrumb","itemListElement":[{"@type":"ListItem","position":1,"name":"Home","item":"https:\/\/wida-mamaia.ro\/"},{"@type":"ListItem","position":2,"name":"Privacy Policy"}]},{"@type":"WebSite","@id":"https:\/\/wida-mamaia.ro\/#website","url":"https:\/\/wida-mamaia.ro\/","name":"WIDA \u2666 Mamaia Residence","description":"Exquisite Living","potentialAction":[{"@type":"SearchAction","target":{"@type":"EntryPoint","urlTemplate":"https:\/\/wida-mamaia.ro\/?s={search_term_string}"},"query-input":"required name=search_term_string"}],"inLanguage":"ro-RO"}]}},"_links":{"self":[{"href":"https:\/\/wida-mamaia.ro\/ro\/wp-json\/wp\/v2\/pages\/3"}],"collection":[{"href":"https:\/\/wida-mamaia.ro\/ro\/wp-json\/wp\/v2\/pages"}],"about":[{"href":"https:\/\/wida-mamaia.ro\/ro\/wp-json\/wp\/v2\/types\/page"}],"author":[{"embeddable":true,"href":"https:\/\/wida-mamaia.ro\/ro\/wp-json\/wp\/v2\/users\/1"}],"replies":[{"embeddable":true,"href":"https:\/\/wida-mamaia.ro\/ro\/wp-json\/wp\/v2\/comments?post=3"}],"version-history":[{"count":1,"href":"https:\/\/wida-mamaia.ro\/ro\/wp-json\/wp\/v2\/pages\/3\/revisions"}],"predecessor-version":[{"id":1349,"href":"https:\/\/wida-mamaia.ro\/ro\/wp-json\/wp\/v2\/pages\/3\/revisions\/1349"}],"wp:attachment":[{"href":"https:\/\/wida-mamaia.ro\/ro\/wp-json\/wp\/v2\/media?parent=3"}],"curies":[{"name":"wp","href":"https:\/\/api.w.org\/{rel}","templated":true}]}}